{"id":3,"date":"2021-01-20T19:58:32","date_gmt":"2021-01-20T19:58:32","guid":{"rendered":"https:\/\/ulusoyhukuk.com.tr\/?page_id=3"},"modified":"2021-01-21T22:39:11","modified_gmt":"2021-01-21T22:39:11","slug":"gizlilik-politikasi","status":"publish","type":"page","link":"https:\/\/ulusoyhukuk.com.tr\/eng\/gizlilik-politikasi\/","title":{"rendered":"Gizlilik Politikas\u0131"},"content":{"rendered":"\n<p><strong>K\u0130\u015e\u0130SEL VER\u0130LER\u0130N \u0130\u015eLENMES\u0130 HAKKINDA<\/strong><strong><\/strong><\/p>\n\n\n\n<p><strong>\u201cAYDINLATMA METN\u0130\u201d<\/strong><strong><\/strong><\/p>\n\n\n\n<p>\u0130nternet sitemizi kullanman\u0131z dolay\u0131s\u0131yla, 6698 say\u0131l\u0131 Ki\u015fisel Verilerin Korunmas\u0131 Kanunu (KVKK) ba\u015fta olmak \u00fczere y\u00fcr\u00fcrl\u00fckteki mevzuat kapsam\u0131nda birtak\u0131m verilerinizin toplanmas\u0131, saklanmas\u0131, i\u015flenmesi, aktar\u0131lmas\u0131 ve KVKK kapsam\u0131na dahil ba\u015fkaca i\u015flemlerin&nbsp;detay\u0131 ve amac\u0131 hakk\u0131nda, veri sorumlusu olarak sizleri bilgilendirmek isteriz.<\/p>\n\n\n\n<p><strong>Genel Bilgiler<\/strong><strong><\/strong><\/p>\n\n\n\n<p>\u0130lgili mevzuata g\u00f6re, \u201cki\u015fisel veri\u201d kimli\u011fi belirli veya belirlenebilir ger\u00e7ek ki\u015fiye ili\u015fkin her t\u00fcrl\u00fc bilgidir. \u201c\u00d6zel nitelikli ki\u015fisel veri\u201d ise ki\u015filerin \u0131rk\u0131, etnik k\u00f6keni, siyasi d\u00fc\u015f\u00fcncesi, felsefi inanc\u0131, dini, mezhebi veya di\u011fer inan\u00e7lar\u0131, k\u0131l\u0131k ve k\u0131yafeti, dernek, vak\u0131f ya da sendika \u00fcyeli\u011fi, sa\u011fl\u0131\u011f\u0131, cinsel hayat\u0131, ceza mahk\u00fbmiyeti ve g\u00fcvenlik tedbirleriyle ilgili verileri ile biyometrik ve genetik verileridir. \u0130\u015fbu Ayd\u0131nlatma Metninde, \u00f6zel ve\/veya genel nitelikli olma ayr\u0131m\u0131 yap\u0131lmaks\u0131z\u0131n, her neviden veri i\u00e7in \u201cKi\u015fisel Veri\u201d ifadesi kullan\u0131lacak olup durumun gere\u011fine g\u00f6re \u00f6zel nitelikli ki\u015fisel verilerin de bu ifade kapsam\u0131na dahil edilebilece\u011fini belirtmek isteriz. Keza, internet sitemizi kullan\u0131rken size daha efektif hizmet sa\u011flayabilmek ad\u0131na \u00e7erezler, web i\u015faret\u00e7ileri ve benzeri uygulamalar\u0131 da kullanabilmekteyiz. \u00c7erez kullan\u0131m\u0131n\u0131n durdurulmas\u0131n\u0131 taray\u0131c\u0131 ayarlar\u0131n\u0131z\u0131 de\u011fi\u015ftirerek her zaman sa\u011flayabilirsiniz. \u00c7erez kullan\u0131m\u0131n\u0131n durdurulmas\u0131, internet sitemizdeki baz\u0131 fonksiyonlar\u0131n kullan\u0131m\u0131n\u0131 s\u0131n\u0131rland\u0131rabilecektir.<\/p>\n\n\n\n<p>Ki\u015fisel veriler topland\u0131ktan sonra silme, yok etme ya da anonim hale getirme i\u015flemlerine kadar olan s\u00fcre\u00e7te ger\u00e7ekle\u015ftirilen elde etme, kaydetme, depolama, muhafaza etme, de\u011fi\u015ftirme, yeniden d\u00fczenleme, a\u00e7\u0131klama, aktar\u0131lma, s\u0131n\u0131fland\u0131r\u0131lma ya da kullan\u0131lmas\u0131n\u0131 engelleme ve sair kapsamda veriler \u00fczerinden ger\u00e7ekle\u015ftirilen her t\u00fcrl\u00fc i\u015flem ise KVKK kapsam\u0131nda \u201cki\u015fisel verilerin i\u015flenmesi\u201c olarak de\u011ferlendirilmektedir.Ki\u015fisel veri veya \u00f6zel nitelikli ki\u015fisel veri tan\u0131m\u0131na uygun bilgilerinizi Ulusoy Hukuk B\u00fcrosu (Veri Sorumlusu) olarak bizimle payla\u015fman\u0131z durumunda, onay kutucu\u011funu i\u015faretleyerek bu verilerinizin i\u015flenmesi i\u00e7in a\u00e7\u0131k r\u0131za verdi\u011finizi belirtmek isteriz.<\/p>\n\n\n\n<p><strong>Ki\u015fisel Verilerin Toplanmas\u0131 ve Hukuki Sebepleri<\/strong><strong><\/strong><\/p>\n\n\n\n<p>\u0130nternet sitemizi kullan\u0131rken birtak\u0131m ki\u015fisel verilerinizi, Veri Sorumlusu s\u0131fat\u0131m\u0131z ile bizimle payla\u015fman\u0131z\u0131 talep edebilmekteyiz. \u0130\u015fbu ki\u015fisel verileriniz fiziksel olarak s\u00f6zl\u00fc veya yaz\u0131l\u0131 \u015fekilde toplanabilece\u011fi gibi, elektronik ortamda da toplanabilir. Keza, ki\u015fisel verileriniz, Veri Sorumlusu s\u0131fat\u0131yla do\u011frudan taraf\u0131m\u0131zca toplanabilece\u011fi&nbsp;&nbsp;gibi, Veri Sorumlusu ad\u0131na veri i\u015fleyen ger\u00e7ek veya t\u00fczel ki\u015filer taraf\u0131ndan veya ifa etti\u011fimiz i\u015f ve hizmetin bir gere\u011fi olarak destek ald\u0131\u011f\u0131m\u0131z ulusal\/uluslararas\u0131 ki\u015fi ve kurulu\u015flar ile di\u011fer 3.ki\u015filer taraf\u0131ndan, say\u0131lanlarla s\u0131n\u0131rl\u0131 olmamak \u00fczere, internet sitemiz, blog mesajlar\u0131, ileti\u015fim formlar\u0131, i\u015f\/staj ve sair ba\u015fvuru formlar\u0131, bilgi formlar\u0131, video konferans ve\/veya online hukuki dan\u0131\u015fmanl\u0131k hizmeti esnas\u0131nda kaydedilebilen ses ve\/veya video kay\u0131tlar\u0131, telefon g\u00f6r\u00fc\u015fmesi ve\/veya telekonferans esnas\u0131nda kaydedilebilen ses kay\u0131tlar\u0131, k\u0131sa mesajlar, WhatsApp, sosyal medya vs kanallar\u0131yla ger\u00e7ekle\u015ftirilenler ba\u015fta olmak \u00fczere her t\u00fcrl\u00fc ileti\u015fim kanallar\u0131 arac\u0131l\u0131\u011f\u0131 ile toplanabilmektedir. Bu verileriniz elektronik ya da internet tabanl\u0131 ara\u00e7lar ve sair vas\u0131talar kullan\u0131larak otomatik y\u00f6ntemlerle elde edilebildi\u011fi gibi, taraf\u0131m\u0131za sundu\u011funuz formlar, s\u00f6zle\u015fmeler, bildirimler, adli veya idari merci kararlar\u0131 gibi y\u00f6ntemlerle de elde edilebilmektedir.<\/p>\n\n\n\n<p><strong>Ki\u015fisel Verilerin \u0130\u015flenme Amac\u0131 ve Aktar\u0131m\u0131<\/strong><strong><\/strong><\/p>\n\n\n\n<p>Ki\u015fisel verileriniz, y\u00fcr\u00fcrl\u00fckteki ilgili mevzuat uyar\u0131nca, hukuka, iyi niyet ve d\u00fcr\u00fcstl\u00fck kurallar\u0131na uygun, do\u011fru ve g\u00fcncel olarak, belirli, a\u00e7\u0131k ve me\u015fru ama\u00e7larla ve bu ama\u00e7larla ba\u011flant\u0131l\u0131, s\u0131n\u0131rl\u0131 ve \u00f6l\u00e7\u00fcl\u00fc olarak i\u015flenmekte olup ilgili mevzuatta \u00f6ng\u00f6r\u00fclen ve i\u015flendikleri ama\u00e7 i\u00e7in gerekli olan s\u00fcre kadar muhafaza edilmektedir.KVKK&nbsp;&nbsp;uyar\u0131nca, Veri Sorumlusu olarak bizimle payla\u015fm\u0131\u015f oldu\u011funuz ki\u015fisel verileriniz, yerine getirmekte oldu\u011fumuz her t\u00fcrl\u00fc hizmet ve faaliyet ama\u00e7lar\u0131m\u0131z ile gerekti\u011finde i\u015fe\/staja al\u0131m s\u00fcre\u00e7leriyle ba\u011flant\u0131l\u0131 ve \u00f6l\u00e7\u00fcl\u00fc olarak s\u00f6z konusu hizmetlerden faydalanman\u0131z, hak ve menfaatlerinizin korunmas\u0131 ve sair ama\u00e7lar ile KVKK ve yasal d\u00fczenlemelere uygun olarak i\u015flenebilecek, hizmetlerimiz kapsam\u0131nda ve ilgili mevzuata uygun olarak UYAP sistemi ba\u015fta olmak \u00fczere, adli, idari vb. kurumlara ve\/veya yetkili k\u0131ld\u0131klar\u0131 ki\u015fi ya da merciler ile somut olay\u0131n \u015fartlar\u0131na g\u00f6re yurtd\u0131\u015f\u0131nda olup olmamas\u0131ndan ba\u011f\u0131ms\u0131z olarak ilgili \u00fc\u00e7\u00fcnc\u00fc ki\u015fi ve kurumlara aktar\u0131labilecek ve ilgili mevzuatta belirlenen s\u00fcreler boyunca saklan\u0131p gerekli i\u015flemlere tabi tutulabilecektir.<\/p>\n\n\n\n<p><strong>A\u011f Sunucusu Veri G\u00fcnl\u00fc\u011f\u00fc<\/strong><strong><\/strong><\/p>\n\n\n\n<p><strong>Ki\u015fisel Verilerin G\u00fcvenli\u011finin Sa\u011flanmas\u0131 \u0130\u00e7in Al\u0131nan Tedbirler<\/strong><strong><\/strong><\/p>\n\n\n\n<p>6698 Say\u0131l\u0131 Ki\u015fisel Verileri Koruma Kanun\u2019un ilgili maddesine uygun olarak, ki\u015fisel veri g\u00fcvenli\u011finizin sa\u011flanmas\u0131 i\u00e7in hukuka ayk\u0131r\u0131 olarak i\u015flenmelerini ve eri\u015filmelerini \u00f6nlemek ve muhafazalar\u0131n\u0131n sa\u011flamak amac\u0131yla gerekli teknik ve idari tedbirler Veri Sorumlusu olarak taraf\u0131m\u0131zca al\u0131nmaktad\u0131r.<\/p>\n\n\n\n<p><strong>Veri Sahibinin Haklar\u0131&nbsp;<\/strong><strong><\/strong><\/p>\n\n\n\n<p>Ki\u015fisel veri sahipleri KVKK uyar\u0131nca a\u015fa\u011f\u0131da yer alan haklara sahiptir:<\/p>\n\n\n\n<ul><li>Ki\u015fisel verilerinin i\u015flenip i\u015flenmedi\u011fini \u00f6\u011frenme ve i\u015flenmi\u015fse buna dair bilgi talep etme;<\/li><li>Ki\u015fisel verilerin i\u015flenme amac\u0131n\u0131 ve bunlar\u0131n amac\u0131na uygun kullan\u0131l\u0131p kullan\u0131lmad\u0131\u011f\u0131n\u0131 \u00f6\u011frenme;<\/li><li>Yurt i\u00e7inde veya yurt d\u0131\u015f\u0131nda ki\u015fisel verilerin aktar\u0131ld\u0131\u011f\u0131 \u00fc\u00e7\u00fcnc\u00fc ki\u015fileri bilme;<\/li><li>Ki\u015fisel verilerin eksik veya yanl\u0131\u015f i\u015flenmi\u015f olmas\u0131 h\u00e2linde bunlar\u0131n d\u00fczeltilmesini isteme ve bu kapsamda yap\u0131lan i\u015flemin ki\u015fisel verilerin aktar\u0131ld\u0131\u011f\u0131 \u00fc\u00e7\u00fcnc\u00fc ki\u015filere bildirilmesini isteme;<\/li><li>Ki\u015fisel verilerin i\u015flenmesini gerektiren sebeplerin ortadan kalkmas\u0131 durumunda silinmesini yahut yok edilmesini isteme ve bu kapsamda yap\u0131lan i\u015flemin<br>ki\u015fisel verilerin aktar\u0131ld\u0131\u011f\u0131 \u00fc\u00e7\u00fcnc\u00fc ki\u015filere bildirilmesini isteme;<\/li><li>\u0130\u015flenen verilerin m\u00fcnhas\u0131ran otomatik sistemler vas\u0131tas\u0131yla analiz edilmesi suretiyle ki\u015finin kendisi aleyhine bir sonucun ortaya \u00e7\u0131kmas\u0131na itiraz etme;<\/li><li>Ki\u015fisel verilerin KVK Kanunu\u2019na ayk\u0131r\u0131 olarak i\u015flenmesi sebebiyle zarara u\u011framas\u0131 h\u00e2linde zarar\u0131n giderilmesini talep etme.<\/li><\/ul>\n\n\n\n<p>Yukar\u0131da belirtilen haklar\u0131n kullan\u0131m\u0131yla veya genel olarak Ayd\u0131nlatma Metnimizle alakal\u0131 daha detayl\u0131 bilgi talepleriniz i\u00e7in \u201c\u0130leti\u015fim\u201d sayfam\u0131zdan ula\u015f\u0131labilece\u011finiz \u201c\u0130leti\u015fim Formu\u201d arac\u0131l\u0131\u011f\u0131yla veya \u0131slak imzal\u0131 olarak \u201cSahray\u0131Cedid Mah. Mengi Sok. Mahmutbey \u0130\u015f Merkezi K:4\/A Kad\u0131k\u00f6y \u0130stanbul \u201d adresine ula\u015ft\u0131rman\u0131z ya da&nbsp;<a href=\"mailto:info@ulusoyhukuk.com.tr%20\">info@ulusoyhukuk.com.tr <\/a>e-posta adresine konu k\u0131sm\u0131nda \u201cKi\u015fisel Veri Bilgi Talebi\u201d ifadesi ile iletebilirsiniz.<\/p>\n\n\n\n<p><br>Ki\u015fisel veri sahipleri olarak, haklar\u0131n\u0131za ili\u015fkin taleplerinizi Ulusoy Hukuk B\u00fcrosu\u2019na yukar\u0131daki \u015fekillerde iletmeniz durumunda talebiniz, niteli\u011fine g\u00f6re en k\u0131sa s\u00fcrede sonu\u00e7land\u0131racakt\u0131r. \u0130lgili i\u015flemin ayr\u0131ca bir maliyet gerektirmesi durumunda, Ki\u015fisel Verileri Koruma Kurulu\u2019nca belirlenen tarifedeki \u00fccret, Ulusoy Hukuk B\u00fcrosu olarak taraf\u0131n\u0131zdan tahsil edilecektir.&nbsp;<\/p>\n\n\n\n<p><\/p>\n","protected":false},"excerpt":{"rendered":"<p>K\u0130\u015e\u0130SEL VER\u0130LER\u0130N \u0130\u015eLENMES\u0130 HAKKINDA \u201cAYDINLATMA METN\u0130\u201d \u0130nternet sitemizi kullanman\u0131z dolay\u0131s\u0131yla, 6698 say\u0131l\u0131 Ki\u015fisel Verilerin Korunmas\u0131 Kanunu (KVKK) ba\u015fta olmak \u00fczere y\u00fcr\u00fcrl\u00fckteki mevzuat kapsam\u0131nda birtak\u0131m verilerinizin toplanmas\u0131, saklanmas\u0131, i\u015flenmesi, aktar\u0131lmas\u0131 ve KVKK kapsam\u0131na dahil ba\u015fkaca i\u015flemlerin&nbsp;detay\u0131 ve amac\u0131 hakk\u0131nda, veri sorumlusu olarak sizleri bilgilendirmek isteriz. Genel Bilgiler \u0130lgili mevzuata g\u00f6re, \u201cki\u015fisel veri\u201d kimli\u011fi belirli veya belirlenebilir [&hellip;]<\/p>\n","protected":false},"author":1,"featured_media":0,"parent":0,"menu_order":0,"comment_status":"closed","ping_status":"closed","template":"","meta":[],"_links":{"self":[{"href":"https:\/\/ulusoyhukuk.com.tr\/eng\/wp-json\/wp\/v2\/pages\/3"}],"collection":[{"href":"https:\/\/ulusoyhukuk.com.tr\/eng\/wp-json\/wp\/v2\/pages"}],"about":[{"href":"https:\/\/ulusoyhukuk.com.tr\/eng\/wp-json\/wp\/v2\/types\/page"}],"author":[{"embeddable":true,"href":"https:\/\/ulusoyhukuk.com.tr\/eng\/wp-json\/wp\/v2\/users\/1"}],"replies":[{"embeddable":true,"href":"https:\/\/ulusoyhukuk.com.tr\/eng\/wp-json\/wp\/v2\/comments?post=3"}],"version-history":[{"count":4,"href":"https:\/\/ulusoyhukuk.com.tr\/eng\/wp-json\/wp\/v2\/pages\/3\/revisions"}],"predecessor-version":[{"id":7021,"href":"https:\/\/ulusoyhukuk.com.tr\/eng\/wp-json\/wp\/v2\/pages\/3\/revisions\/7021"}],"wp:attachment":[{"href":"https:\/\/ulusoyhukuk.com.tr\/eng\/wp-json\/wp\/v2\/media?parent=3"}],"curies":[{"name":"wp","href":"https:\/\/api.w.org\/{rel}","templated":true}]}}